{"id":108,"date":"2025-03-27T15:53:20","date_gmt":"2025-03-27T14:53:20","guid":{"rendered":"http:\/\/www.reseauclimatjeunesse.org\/?page_id=108"},"modified":"2025-07-30T09:58:28","modified_gmt":"2025-07-30T07:58:28","slug":"comment-devenir-membre-du-rcj","status":"publish","type":"page","link":"https:\/\/www.reseauclimatjeunesse.org\/index.php\/comment-devenir-membre-du-rcj\/","title":{"rendered":"Comment ?"},"content":{"rendered":"\t\t<div data-elementor-type=\"wp-page\" data-elementor-id=\"108\" class=\"elementor elementor-108\">\n\t\t\t\t<div class=\"elementor-element elementor-element-e104c9c e-flex e-con-boxed e-con e-parent\" data-id=\"e104c9c\" data-element_type=\"container\">\n\t\t\t\t\t<div class=\"e-con-inner\">\n\t\t\t\t\t<\/div>\n\t\t\t\t<\/div>\n\t\t<div class=\"elementor-element elementor-element-f7e766d e-flex e-con-boxed e-con e-parent\" data-id=\"f7e766d\" data-element_type=\"container\">\n\t\t\t\t\t<div class=\"e-con-inner\">\n\t\t\t\t<div class=\"elementor-element elementor-element-828e88c elementor-widget elementor-widget-heading\" data-id=\"828e88c\" data-element_type=\"widget\" data-widget_type=\"heading.default\">\n\t\t\t\t<div class=\"elementor-widget-container\">\n\t\t\t\t\t<h2 class=\"elementor-heading-title elementor-size-default\">Coordinateurs pays - \u00e0 contacter<\/h2>\t\t\t\t<\/div>\n\t\t\t\t<\/div>\n\t\t\t\t<div class=\"elementor-element elementor-element-2a353a8 elementor-widget elementor-widget-image\" data-id=\"2a353a8\" data-element_type=\"widget\" data-widget_type=\"image.default\">\n\t\t\t\t<div class=\"elementor-widget-container\">\n\t\t\t\t\t\t\t\t\t\t\t\t<figure class=\"wp-caption\">\n\t\t\t\t\t\t\t\t\t\t<img decoding=\"async\" width=\"150\" height=\"150\" src=\"https:\/\/www.reseauclimatjeunesse.org\/wp-content\/uploads\/2025\/07\/Bertin-Mguya-150x150.png\" class=\"attachment-thumbnail size-thumbnail wp-image-923\" alt=\"\" srcset=\"https:\/\/www.reseauclimatjeunesse.org\/wp-content\/uploads\/2025\/07\/Bertin-Mguya-150x150.png 150w, https:\/\/www.reseauclimatjeunesse.org\/wp-content\/uploads\/2025\/07\/Bertin-Mguya-600x600.png 600w\" sizes=\"(max-width: 150px) 100vw, 150px\" \/>\t\t\t\t\t\t\t\t\t\t\t<figcaption class=\"widget-image-caption wp-caption-text\">Bertin MBUYA<\/figcaption>\n\t\t\t\t\t\t\t\t\t\t<\/figure>\n\t\t\t\t\t\t\t\t\t<\/div>\n\t\t\t\t<\/div>\n\t\t\t\t<div class=\"elementor-element elementor-element-bf57a63 elementor-align-center elementor-widget elementor-widget-button\" data-id=\"bf57a63\" data-element_type=\"widget\" data-widget_type=\"button.default\">\n\t\t\t\t<div class=\"elementor-widget-container\">\n\t\t\t\t\t\t\t\t\t<div class=\"elementor-button-wrapper\">\n\t\t\t\t\t<a class=\"elementor-button elementor-button-link elementor-size-sm\" href=\"#\">\n\t\t\t\t\t\t<span class=\"elementor-button-content-wrapper\">\n\t\t\t\t\t\t\t\t\t<span class=\"elementor-button-text\">Contacter<\/span>\n\t\t\t\t\t<\/span>\n\t\t\t\t\t<\/a>\n\t\t\t\t<\/div>\n\t\t\t\t\t\t\t\t<\/div>\n\t\t\t\t<\/div>\n\t\t\t\t<div class=\"elementor-element elementor-element-1c4d9f5 elementor-widget elementor-widget-heading\" data-id=\"1c4d9f5\" data-element_type=\"widget\" data-widget_type=\"heading.default\">\n\t\t\t\t<div class=\"elementor-widget-container\">\n\t\t\t\t\t<h2 class=\"elementor-heading-title elementor-size-default\">Fiche de bienvenue<\/h2>\t\t\t\t<\/div>\n\t\t\t\t<\/div>\n\t\t\t\t<div class=\"elementor-element elementor-element-f966294 elementor-align-left elementor-widget elementor-widget-button\" data-id=\"f966294\" data-element_type=\"widget\" data-widget_type=\"button.default\">\n\t\t\t\t<div class=\"elementor-widget-container\">\n\t\t\t\t\t\t\t\t\t<div class=\"elementor-button-wrapper\">\n\t\t\t\t\t<a class=\"elementor-button elementor-button-link elementor-size-sm\" href=\"https:\/\/airandme.org\/partages\/Reseau-Climat-Jeunesse\/RCJ-Fiche-de-bienvenue.pdf\" target=\"_blank\">\n\t\t\t\t\t\t<span class=\"elementor-button-content-wrapper\">\n\t\t\t\t\t\t\t\t\t<span class=\"elementor-button-text\">Fiche Bienvenue<\/span>\n\t\t\t\t\t<\/span>\n\t\t\t\t\t<\/a>\n\t\t\t\t<\/div>\n\t\t\t\t\t\t\t\t<\/div>\n\t\t\t\t<\/div>\n\t\t\t\t<div class=\"elementor-element elementor-element-18d9483 elementor-widget elementor-widget-heading\" data-id=\"18d9483\" data-element_type=\"widget\" data-widget_type=\"heading.default\">\n\t\t\t\t<div class=\"elementor-widget-container\">\n\t\t\t\t\t<h2 class=\"elementor-heading-title elementor-size-default\">Charte<\/h2>\t\t\t\t<\/div>\n\t\t\t\t<\/div>\n\t\t\t\t<div class=\"elementor-element elementor-element-2ce1789 elementor-widget elementor-widget-button\" data-id=\"2ce1789\" data-element_type=\"widget\" data-widget_type=\"button.default\">\n\t\t\t\t<div class=\"elementor-widget-container\">\n\t\t\t\t\t\t\t\t\t<div class=\"elementor-button-wrapper\">\n\t\t\t\t\t<a class=\"elementor-button elementor-button-link elementor-size-sm\" href=\"https:\/\/airandme.org\/partages\/Reseau-Climat-Jeunesse\/RCJ-signature-Charte-Ethique.pdf\">\n\t\t\t\t\t\t<span class=\"elementor-button-content-wrapper\">\n\t\t\t\t\t\t\t\t\t<span class=\"elementor-button-text\">Charte \u00e0 signer<\/span>\n\t\t\t\t\t<\/span>\n\t\t\t\t\t<\/a>\n\t\t\t\t<\/div>\n\t\t\t\t\t\t\t\t<\/div>\n\t\t\t\t<\/div>\n\t\t\t\t<div class=\"elementor-element elementor-element-e9c7c4f elementor-widget elementor-widget-heading\" data-id=\"e9c7c4f\" data-element_type=\"widget\" data-widget_type=\"heading.default\">\n\t\t\t\t<div class=\"elementor-widget-container\">\n\t\t\t\t\t<h2 class=\"elementor-heading-title elementor-size-default\">Droit \u00e0 l'image<\/h2>\t\t\t\t<\/div>\n\t\t\t\t<\/div>\n\t\t\t\t<div class=\"elementor-element elementor-element-c8086f4 elementor-widget elementor-widget-button\" data-id=\"c8086f4\" data-element_type=\"widget\" data-widget_type=\"button.default\">\n\t\t\t\t<div class=\"elementor-widget-container\">\n\t\t\t\t\t\t\t\t\t<div class=\"elementor-button-wrapper\">\n\t\t\t\t\t<a class=\"elementor-button elementor-button-link elementor-size-sm\" href=\"https:\/\/airandme.org\/partages\/Reseau-Climat-Jeunesse\/formulaire-Autorisation-collecte-coordonnees-image-Climat-Jeunesse.pdf\">\n\t\t\t\t\t\t<span class=\"elementor-button-content-wrapper\">\n\t\t\t\t\t\t\t\t\t<span class=\"elementor-button-text\">droit \u00e0 l'image<\/span>\n\t\t\t\t\t<\/span>\n\t\t\t\t\t<\/a>\n\t\t\t\t<\/div>\n\t\t\t\t\t\t\t\t<\/div>\n\t\t\t\t<\/div>\n\t\t\t\t\t<\/div>\n\t\t\t\t<\/div>\n\t\t<div class=\"elementor-element elementor-element-27fbd33 e-grid e-con-boxed e-con e-parent\" data-id=\"27fbd33\" data-element_type=\"container\">\n\t\t\t\t\t<div class=\"e-con-inner\">\n\t\t\t\t\t<\/div>\n\t\t\t\t<\/div>\n\t\t\t\t<\/div>\n\t\t","protected":false},"excerpt":{"rendered":"<p>Coordinateurs pays &#8211; \u00e0 contacter Bertin MBUYA Contacter Fiche de bienvenue Fiche Bienvenue Charte Charte \u00e0 signer Droit \u00e0 l&rsquo;image droit \u00e0 l&rsquo;image<\/p>\n","protected":false},"author":1,"featured_media":0,"parent":0,"menu_order":0,"comment_status":"closed","ping_status":"closed","template":"","meta":{"ocean_post_layout":"","ocean_both_sidebars_style":"","ocean_both_sidebars_content_width":0,"ocean_both_sidebars_sidebars_width":0,"ocean_sidebar":"","ocean_second_sidebar":"","ocean_disable_margins":"enable","ocean_add_body_class":"","ocean_shortcode_before_top_bar":"","ocean_shortcode_after_top_bar":"","ocean_shortcode_before_header":"","ocean_shortcode_after_header":"","ocean_has_shortcode":"","ocean_shortcode_after_title":"","ocean_shortcode_before_footer_widgets":"","ocean_shortcode_after_footer_widgets":"","ocean_shortcode_before_footer_bottom":"","ocean_shortcode_after_footer_bottom":"","ocean_display_top_bar":"default","ocean_display_header":"default","ocean_header_style":"","ocean_center_header_left_menu":"","ocean_custom_header_template":"","ocean_custom_logo":0,"ocean_custom_retina_logo":0,"ocean_custom_logo_max_width":0,"ocean_custom_logo_tablet_max_width":0,"ocean_custom_logo_mobile_max_width":0,"ocean_custom_logo_max_height":0,"ocean_custom_logo_tablet_max_height":0,"ocean_custom_logo_mobile_max_height":0,"ocean_header_custom_menu":"","ocean_menu_typo_font_family":"","ocean_menu_typo_font_subset":"","ocean_menu_typo_font_size":0,"ocean_menu_typo_font_size_tablet":0,"ocean_menu_typo_font_size_mobile":0,"ocean_menu_typo_font_size_unit":"px","ocean_menu_typo_font_weight":"","ocean_menu_typo_font_weight_tablet":"","ocean_menu_typo_font_weight_mobile":"","ocean_menu_typo_transform":"","ocean_menu_typo_transform_tablet":"","ocean_menu_typo_transform_mobile":"","ocean_menu_typo_line_height":0,"ocean_menu_typo_line_height_tablet":0,"ocean_menu_typo_line_height_mobile":0,"ocean_menu_typo_line_height_unit":"","ocean_menu_typo_spacing":0,"ocean_menu_typo_spacing_tablet":0,"ocean_menu_typo_spacing_mobile":0,"ocean_menu_typo_spacing_unit":"","ocean_menu_link_color":"","ocean_menu_link_color_hover":"","ocean_menu_link_color_active":"","ocean_menu_link_background":"","ocean_menu_link_hover_background":"","ocean_menu_link_active_background":"","ocean_menu_social_links_bg":"","ocean_menu_social_hover_links_bg":"","ocean_menu_social_links_color":"","ocean_menu_social_hover_links_color":"","ocean_disable_title":"default","ocean_disable_heading":"default","ocean_post_title":"","ocean_post_subheading":"","ocean_post_title_style":"","ocean_post_title_background_color":"","ocean_post_title_background":0,"ocean_post_title_bg_image_position":"","ocean_post_title_bg_image_attachment":"","ocean_post_title_bg_image_repeat":"","ocean_post_title_bg_image_size":"","ocean_post_title_height":0,"ocean_post_title_bg_overlay":0.5,"ocean_post_title_bg_overlay_color":"","ocean_disable_breadcrumbs":"default","ocean_breadcrumbs_color":"","ocean_breadcrumbs_separator_color":"","ocean_breadcrumbs_links_color":"","ocean_breadcrumbs_links_hover_color":"","ocean_display_footer_widgets":"default","ocean_display_footer_bottom":"default","ocean_custom_footer_template":"","footnotes":""},"class_list":["post-108","page","type-page","status-publish","hentry","entry"],"yoast_head":"<!-- This site is optimized with the Yoast SEO plugin v25.6 - https:\/\/yoast.com\/wordpress\/plugins\/seo\/ -->\n<title>Comment ? - R\u00e9seau Climat Jeunesse<\/title>\n<meta name=\"robots\" content=\"index, follow, max-snippet:-1, max-image-preview:large, max-video-preview:-1\" \/>\n<link rel=\"canonical\" href=\"https:\/\/www.reseauclimatjeunesse.org\/index.php\/comment-devenir-membre-du-rcj\/\" \/>\n<meta property=\"og:locale\" content=\"fr_FR\" \/>\n<meta property=\"og:type\" content=\"article\" \/>\n<meta property=\"og:title\" content=\"Comment ? - R\u00e9seau Climat Jeunesse\" \/>\n<meta property=\"og:description\" content=\"Coordinateurs pays &#8211; \u00e0 contacter Bertin MBUYA Contacter Fiche de bienvenue Fiche Bienvenue Charte Charte \u00e0 signer Droit \u00e0 l&rsquo;image droit \u00e0 l&rsquo;image\" \/>\n<meta property=\"og:url\" content=\"https:\/\/www.reseauclimatjeunesse.org\/index.php\/comment-devenir-membre-du-rcj\/\" \/>\n<meta property=\"og:site_name\" content=\"R\u00e9seau Climat Jeunesse\" \/>\n<meta property=\"article:modified_time\" content=\"2025-07-30T07:58:28+00:00\" \/>\n<meta property=\"og:image\" content=\"http:\/\/www.reseauclimatjeunesse.org\/wp-content\/uploads\/2025\/07\/Bertin-Mguya-150x150.png\" \/>\n<meta name=\"twitter:card\" content=\"summary_large_image\" \/>\n<meta name=\"twitter:label1\" content=\"Dur\u00e9e de lecture estim\u00e9e\" \/>\n\t<meta name=\"twitter:data1\" content=\"1 minute\" \/>\n<script type=\"application\/ld+json\" class=\"yoast-schema-graph\">{\"@context\":\"https:\/\/schema.org\",\"@graph\":[{\"@type\":\"WebPage\",\"@id\":\"https:\/\/www.reseauclimatjeunesse.org\/index.php\/comment-devenir-membre-du-rcj\/\",\"url\":\"https:\/\/www.reseauclimatjeunesse.org\/index.php\/comment-devenir-membre-du-rcj\/\",\"name\":\"Comment ? - R\u00e9seau Climat Jeunesse\",\"isPartOf\":{\"@id\":\"https:\/\/www.reseauclimatjeunesse.org\/#website\"},\"primaryImageOfPage\":{\"@id\":\"https:\/\/www.reseauclimatjeunesse.org\/index.php\/comment-devenir-membre-du-rcj\/#primaryimage\"},\"image\":{\"@id\":\"https:\/\/www.reseauclimatjeunesse.org\/index.php\/comment-devenir-membre-du-rcj\/#primaryimage\"},\"thumbnailUrl\":\"http:\/\/www.reseauclimatjeunesse.org\/wp-content\/uploads\/2025\/07\/Bertin-Mguya-150x150.png\",\"datePublished\":\"2025-03-27T14:53:20+00:00\",\"dateModified\":\"2025-07-30T07:58:28+00:00\",\"breadcrumb\":{\"@id\":\"https:\/\/www.reseauclimatjeunesse.org\/index.php\/comment-devenir-membre-du-rcj\/#breadcrumb\"},\"inLanguage\":\"fr-FR\",\"potentialAction\":[{\"@type\":\"ReadAction\",\"target\":[\"https:\/\/www.reseauclimatjeunesse.org\/index.php\/comment-devenir-membre-du-rcj\/\"]}]},{\"@type\":\"ImageObject\",\"inLanguage\":\"fr-FR\",\"@id\":\"https:\/\/www.reseauclimatjeunesse.org\/index.php\/comment-devenir-membre-du-rcj\/#primaryimage\",\"url\":\"https:\/\/www.reseauclimatjeunesse.org\/wp-content\/uploads\/2025\/07\/Bertin-Mguya.png\",\"contentUrl\":\"https:\/\/www.reseauclimatjeunesse.org\/wp-content\/uploads\/2025\/07\/Bertin-Mguya.png\",\"width\":1123,\"height\":1062},{\"@type\":\"BreadcrumbList\",\"@id\":\"https:\/\/www.reseauclimatjeunesse.org\/index.php\/comment-devenir-membre-du-rcj\/#breadcrumb\",\"itemListElement\":[{\"@type\":\"ListItem\",\"position\":1,\"name\":\"Accueil\",\"item\":\"https:\/\/www.reseauclimatjeunesse.org\/\"},{\"@type\":\"ListItem\",\"position\":2,\"name\":\"Comment ?\"}]},{\"@type\":\"WebSite\",\"@id\":\"https:\/\/www.reseauclimatjeunesse.org\/#website\",\"url\":\"https:\/\/www.reseauclimatjeunesse.org\/\",\"name\":\"R\u00e9seau Climat Jeunesse\",\"description\":\"RCJ FAEM\",\"publisher\":{\"@id\":\"https:\/\/www.reseauclimatjeunesse.org\/#organization\"},\"potentialAction\":[{\"@type\":\"SearchAction\",\"target\":{\"@type\":\"EntryPoint\",\"urlTemplate\":\"https:\/\/www.reseauclimatjeunesse.org\/?s={search_term_string}\"},\"query-input\":{\"@type\":\"PropertyValueSpecification\",\"valueRequired\":true,\"valueName\":\"search_term_string\"}}],\"inLanguage\":\"fr-FR\"},{\"@type\":\"Organization\",\"@id\":\"https:\/\/www.reseauclimatjeunesse.org\/#organization\",\"name\":\"R\u00e9seau Climat Jeunesse\",\"url\":\"https:\/\/www.reseauclimatjeunesse.org\/\",\"logo\":{\"@type\":\"ImageObject\",\"inLanguage\":\"fr-FR\",\"@id\":\"https:\/\/www.reseauclimatjeunesse.org\/#\/schema\/logo\/image\/\",\"url\":\"https:\/\/www.reseauclimatjeunesse.org\/wp-content\/uploads\/2025\/07\/cropped-Logo-climat-jeunesse-Vperso-AEM.png\",\"contentUrl\":\"https:\/\/www.reseauclimatjeunesse.org\/wp-content\/uploads\/2025\/07\/cropped-Logo-climat-jeunesse-Vperso-AEM.png\",\"width\":1089,\"height\":1041,\"caption\":\"R\u00e9seau Climat Jeunesse\"},\"image\":{\"@id\":\"https:\/\/www.reseauclimatjeunesse.org\/#\/schema\/logo\/image\/\"}}]}<\/script>\n<!-- \/ Yoast SEO plugin. -->","yoast_head_json":{"title":"Comment ? - R\u00e9seau Climat Jeunesse","robots":{"index":"index","follow":"follow","max-snippet":"max-snippet:-1","max-image-preview":"max-image-preview:large","max-video-preview":"max-video-preview:-1"},"canonical":"https:\/\/www.reseauclimatjeunesse.org\/index.php\/comment-devenir-membre-du-rcj\/","og_locale":"fr_FR","og_type":"article","og_title":"Comment ? - R\u00e9seau Climat Jeunesse","og_description":"Coordinateurs pays &#8211; \u00e0 contacter Bertin MBUYA Contacter Fiche de bienvenue Fiche Bienvenue Charte Charte \u00e0 signer Droit \u00e0 l&rsquo;image droit \u00e0 l&rsquo;image","og_url":"https:\/\/www.reseauclimatjeunesse.org\/index.php\/comment-devenir-membre-du-rcj\/","og_site_name":"R\u00e9seau Climat Jeunesse","article_modified_time":"2025-07-30T07:58:28+00:00","og_image":[{"url":"http:\/\/www.reseauclimatjeunesse.org\/wp-content\/uploads\/2025\/07\/Bertin-Mguya-150x150.png","type":"","width":"","height":""}],"twitter_card":"summary_large_image","twitter_misc":{"Dur\u00e9e de lecture estim\u00e9e":"1 minute"},"schema":{"@context":"https:\/\/schema.org","@graph":[{"@type":"WebPage","@id":"https:\/\/www.reseauclimatjeunesse.org\/index.php\/comment-devenir-membre-du-rcj\/","url":"https:\/\/www.reseauclimatjeunesse.org\/index.php\/comment-devenir-membre-du-rcj\/","name":"Comment ? - R\u00e9seau Climat Jeunesse","isPartOf":{"@id":"https:\/\/www.reseauclimatjeunesse.org\/#website"},"primaryImageOfPage":{"@id":"https:\/\/www.reseauclimatjeunesse.org\/index.php\/comment-devenir-membre-du-rcj\/#primaryimage"},"image":{"@id":"https:\/\/www.reseauclimatjeunesse.org\/index.php\/comment-devenir-membre-du-rcj\/#primaryimage"},"thumbnailUrl":"http:\/\/www.reseauclimatjeunesse.org\/wp-content\/uploads\/2025\/07\/Bertin-Mguya-150x150.png","datePublished":"2025-03-27T14:53:20+00:00","dateModified":"2025-07-30T07:58:28+00:00","breadcrumb":{"@id":"https:\/\/www.reseauclimatjeunesse.org\/index.php\/comment-devenir-membre-du-rcj\/#breadcrumb"},"inLanguage":"fr-FR","potentialAction":[{"@type":"ReadAction","target":["https:\/\/www.reseauclimatjeunesse.org\/index.php\/comment-devenir-membre-du-rcj\/"]}]},{"@type":"ImageObject","inLanguage":"fr-FR","@id":"https:\/\/www.reseauclimatjeunesse.org\/index.php\/comment-devenir-membre-du-rcj\/#primaryimage","url":"https:\/\/www.reseauclimatjeunesse.org\/wp-content\/uploads\/2025\/07\/Bertin-Mguya.png","contentUrl":"https:\/\/www.reseauclimatjeunesse.org\/wp-content\/uploads\/2025\/07\/Bertin-Mguya.png","width":1123,"height":1062},{"@type":"BreadcrumbList","@id":"https:\/\/www.reseauclimatjeunesse.org\/index.php\/comment-devenir-membre-du-rcj\/#breadcrumb","itemListElement":[{"@type":"ListItem","position":1,"name":"Accueil","item":"https:\/\/www.reseauclimatjeunesse.org\/"},{"@type":"ListItem","position":2,"name":"Comment ?"}]},{"@type":"WebSite","@id":"https:\/\/www.reseauclimatjeunesse.org\/#website","url":"https:\/\/www.reseauclimatjeunesse.org\/","name":"R\u00e9seau Climat Jeunesse","description":"RCJ FAEM","publisher":{"@id":"https:\/\/www.reseauclimatjeunesse.org\/#organization"},"potentialAction":[{"@type":"SearchAction","target":{"@type":"EntryPoint","urlTemplate":"https:\/\/www.reseauclimatjeunesse.org\/?s={search_term_string}"},"query-input":{"@type":"PropertyValueSpecification","valueRequired":true,"valueName":"search_term_string"}}],"inLanguage":"fr-FR"},{"@type":"Organization","@id":"https:\/\/www.reseauclimatjeunesse.org\/#organization","name":"R\u00e9seau Climat Jeunesse","url":"https:\/\/www.reseauclimatjeunesse.org\/","logo":{"@type":"ImageObject","inLanguage":"fr-FR","@id":"https:\/\/www.reseauclimatjeunesse.org\/#\/schema\/logo\/image\/","url":"https:\/\/www.reseauclimatjeunesse.org\/wp-content\/uploads\/2025\/07\/cropped-Logo-climat-jeunesse-Vperso-AEM.png","contentUrl":"https:\/\/www.reseauclimatjeunesse.org\/wp-content\/uploads\/2025\/07\/cropped-Logo-climat-jeunesse-Vperso-AEM.png","width":1089,"height":1041,"caption":"R\u00e9seau Climat Jeunesse"},"image":{"@id":"https:\/\/www.reseauclimatjeunesse.org\/#\/schema\/logo\/image\/"}}]}},"_links":{"self":[{"href":"https:\/\/www.reseauclimatjeunesse.org\/index.php\/wp-json\/wp\/v2\/pages\/108","targetHints":{"allow":["GET"]}}],"collection":[{"href":"https:\/\/www.reseauclimatjeunesse.org\/index.php\/wp-json\/wp\/v2\/pages"}],"about":[{"href":"https:\/\/www.reseauclimatjeunesse.org\/index.php\/wp-json\/wp\/v2\/types\/page"}],"author":[{"embeddable":true,"href":"https:\/\/www.reseauclimatjeunesse.org\/index.php\/wp-json\/wp\/v2\/users\/1"}],"replies":[{"embeddable":true,"href":"https:\/\/www.reseauclimatjeunesse.org\/index.php\/wp-json\/wp\/v2\/comments?post=108"}],"version-history":[{"count":14,"href":"https:\/\/www.reseauclimatjeunesse.org\/index.php\/wp-json\/wp\/v2\/pages\/108\/revisions"}],"predecessor-version":[{"id":1007,"href":"https:\/\/www.reseauclimatjeunesse.org\/index.php\/wp-json\/wp\/v2\/pages\/108\/revisions\/1007"}],"wp:attachment":[{"href":"https:\/\/www.reseauclimatjeunesse.org\/index.php\/wp-json\/wp\/v2\/media?parent=108"}],"curies":[{"name":"wp","href":"https:\/\/api.w.org\/{rel}","templated":true}]}}